{"id":654,"date":"2022-01-27T09:36:16","date_gmt":"2022-01-27T09:36:16","guid":{"rendered":"https:\/\/www.musickesdelight.com\/gallery\/"},"modified":"2024-01-02T22:48:27","modified_gmt":"2024-01-02T22:48:27","slug":"gallery","status":"publish","type":"page","link":"https:\/\/www.musickesdelight.com\/es\/gallery\/","title":{"rendered":"Galer\u00eda"},"content":{"rendered":"<div class=\"wp-block-uagb-container uagb-block-5e5db96c alignfull uagb-is-root-container\"><div class=\"uagb-container-inner-blocks-wrap\">\n<div class=\"wp-block-uagb-advanced-heading uagb-block-bef84370\"><div class=\"uagb-separator\"><\/div><h1 class=\"uagb-heading-text\">Galer\u00eda<\/h1><\/div>\n<\/div><\/div>\n\n\n\n<div class=\"wp-block-uagb-container uagb-block-83dfc810 alignfull uagb-is-root-container\"><div class=\"uagb-container-inner-blocks-wrap\">\n<div class=\"wp-block-uagb-info-box uagb-block-afcfa6cb uagb-infobox__content-wrap  uagb-infobox-icon-above-title uagb-infobox-image-valign-top\"><div class=\"uagb-ifb-content\"><div class=\"uagb-ifb-title-wrap\"><span class=\"uagb-ifb-title-prefix\">01<\/span><h3 class=\"uagb-ifb-title\">Photos<\/h3><\/div><\/div><\/div>\n\n\n\n<div class=\"wp-block-uagb-container uagb-block-e69d8bf1\">\n<div class=\"wp-block-uagb-image uagb-block-cdd9bd92 wp-block-uagb-image--layout-default wp-block-uagb-image--effect-static wp-block-uagb-image--align-none\"><figure class=\"wp-block-uagb-image__figure\"><img decoding=\"async\" srcset=\"https:\/\/www.musickesdelight.com\/wp-content\/uploads\/2023\/12\/IMG_6778-1024x592.jpg ,https:\/\/www.musickesdelight.com\/wp-content\/uploads\/2023\/12\/IMG_6778.jpg 780w, https:\/\/www.musickesdelight.com\/wp-content\/uploads\/2023\/12\/IMG_6778.jpg 360w\" sizes=\"auto, (max-width: 480px) 150px\" src=\"https:\/\/www.musickesdelight.com\/wp-content\/uploads\/2023\/12\/IMG_6778-1024x592.jpg\" alt=\"\" class=\"uag-image-976\" width=\"400\" height=\"400\" title=\"\" loading=\"lazy\"\/><\/figure><\/div>\n\n\n\n<div class=\"wp-block-uagb-image aligncenter uagb-block-38b82dce wp-block-uagb-image--layout-default wp-block-uagb-image--effect-static wp-block-uagb-image--align-center\"><figure class=\"wp-block-uagb-image__figure\"><img decoding=\"async\" srcset=\"https:\/\/www.musickesdelight.com\/wp-content\/uploads\/2023\/12\/4dBrJmN9ogc-1024x576.jpg ,https:\/\/www.musickesdelight.com\/wp-content\/uploads\/2023\/12\/4dBrJmN9ogc.jpg 780w, https:\/\/www.musickesdelight.com\/wp-content\/uploads\/2023\/12\/4dBrJmN9ogc.jpg 360w\" sizes=\"auto, (max-width: 480px) 150px\" src=\"https:\/\/www.musickesdelight.com\/wp-content\/uploads\/2023\/12\/4dBrJmN9ogc-1024x576.jpg\" alt=\"\" class=\"uag-image-969\" width=\"400\" height=\"400\" title=\"\" loading=\"lazy\"\/><\/figure><\/div>\n\n\n\n<div class=\"wp-block-uagb-image alignright uagb-block-aaf92f71 wp-block-uagb-image--layout-default wp-block-uagb-image--effect-static wp-block-uagb-image--align-right\"><figure class=\"wp-block-uagb-image__figure\"><img decoding=\"async\" srcset=\"https:\/\/www.musickesdelight.com\/wp-content\/uploads\/2023\/12\/Victoria-2-1024x575.jpeg ,https:\/\/www.musickesdelight.com\/wp-content\/uploads\/2023\/12\/Victoria-2.jpeg 780w, https:\/\/www.musickesdelight.com\/wp-content\/uploads\/2023\/12\/Victoria-2.jpeg 360w\" sizes=\"auto, (max-width: 480px) 150px\" src=\"https:\/\/www.musickesdelight.com\/wp-content\/uploads\/2023\/12\/Victoria-2-1024x575.jpeg\" alt=\"\" class=\"uag-image-936\" width=\"400\" height=\"400\" title=\"\" loading=\"lazy\"\/><\/figure><\/div>\n<\/div>\n\n\n\n<div class=\"wp-block-uagb-container uagb-block-da36416c\">\n<div class=\"wp-block-uagb-image uagb-block-e3c8849a wp-block-uagb-image--layout-default wp-block-uagb-image--effect-static wp-block-uagb-image--align-none\"><figure class=\"wp-block-uagb-image__figure\"><img decoding=\"async\" srcset=\"https:\/\/www.musickesdelight.com\/wp-content\/uploads\/2023\/12\/08_17_21-Duo-Flauta-y-clave-12-1024x768.jpg ,https:\/\/www.musickesdelight.com\/wp-content\/uploads\/2023\/12\/08_17_21-Duo-Flauta-y-clave-12-scaled.jpg 780w, https:\/\/www.musickesdelight.com\/wp-content\/uploads\/2023\/12\/08_17_21-Duo-Flauta-y-clave-12-scaled.jpg 360w\" sizes=\"auto, (max-width: 480px) 150px\" src=\"https:\/\/www.musickesdelight.com\/wp-content\/uploads\/2023\/12\/08_17_21-Duo-Flauta-y-clave-12-1024x768.jpg\" alt=\"\" class=\"uag-image-958\" width=\"400\" height=\"400\" title=\"\" loading=\"lazy\"\/><\/figure><\/div>\n\n\n\n<div class=\"wp-block-uagb-image aligncenter uagb-block-512b804e wp-block-uagb-image--layout-default wp-block-uagb-image--effect-static wp-block-uagb-image--align-center\"><figure class=\"wp-block-uagb-image__figure\"><img decoding=\"async\" srcset=\"https:\/\/www.musickesdelight.com\/wp-content\/uploads\/2023\/12\/Ramiro-3-1024x683.jpeg ,https:\/\/www.musickesdelight.com\/wp-content\/uploads\/2023\/12\/Ramiro-3.jpeg 780w, https:\/\/www.musickesdelight.com\/wp-content\/uploads\/2023\/12\/Ramiro-3.jpeg 360w\" sizes=\"auto, (max-width: 480px) 150px\" src=\"https:\/\/www.musickesdelight.com\/wp-content\/uploads\/2023\/12\/Ramiro-3-1024x683.jpeg\" alt=\"\" class=\"uag-image-933\" width=\"400\" height=\"400\" title=\"\" loading=\"lazy\"\/><\/figure><\/div>\n\n\n\n<div class=\"wp-block-uagb-image alignright uagb-block-85793b64 wp-block-uagb-image--layout-default wp-block-uagb-image--effect-static wp-block-uagb-image--align-right\"><figure class=\"wp-block-uagb-image__figure\"><img decoding=\"async\" srcset=\"https:\/\/www.musickesdelight.com\/wp-content\/uploads\/2023\/12\/08_17_21-Duo-Flauta-y-clave-5-4-1024x410.jpg ,https:\/\/www.musickesdelight.com\/wp-content\/uploads\/2023\/12\/08_17_21-Duo-Flauta-y-clave-5-4-scaled.jpg 780w, https:\/\/www.musickesdelight.com\/wp-content\/uploads\/2023\/12\/08_17_21-Duo-Flauta-y-clave-5-4-scaled.jpg 360w\" sizes=\"auto, (max-width: 480px) 150px\" src=\"https:\/\/www.musickesdelight.com\/wp-content\/uploads\/2023\/12\/08_17_21-Duo-Flauta-y-clave-5-4-1024x410.jpg\" alt=\"\" class=\"uag-image-953\" width=\"400\" height=\"400\" title=\"\" loading=\"lazy\"\/><\/figure><\/div>\n<\/div>\n\n\n\n<div class=\"wp-block-uagb-container uagb-block-b2edf528\"><\/div>\n\n\n\n<div class=\"wp-block-uagb-container uagb-block-3be0dffc\">\n<div class=\"wp-block-uagb-advanced-heading uagb-block-94c9e1aa\"><h2 class=\"uagb-heading-text\">Videos<\/h2><\/div>\n<\/div>\n\n\n\n<figure class=\"wp-block-embed is-type-video is-provider-youtube wp-block-embed-youtube wp-embed-aspect-16-9 wp-has-aspect-ratio\"><div class=\"wp-block-embed__wrapper\">\n<div class=\"ast-oembed-container\" style=\"height: 100%;\"><iframe loading=\"lazy\" title=\"John Dowland (1563-1626): Can She Excuse\" width=\"500\" height=\"281\" src=\"https:\/\/www.youtube.com\/embed\/N4ugk3UWN1w?feature=oembed\" frameborder=\"0\" allow=\"accelerometer; autoplay; clipboard-write; encrypted-media; gyroscope; picture-in-picture; web-share\" referrerpolicy=\"strict-origin-when-cross-origin\" allowfullscreen><\/iframe><\/div>\n<\/div><figcaption class=\"wp-element-caption\">John Dowland (1563-1626): Can She Excuse &#8211; Victoria Cassano &amp; Ramiro Morales<\/figcaption><\/figure>\n\n\n\n<div class=\"wp-block-uagb-container uagb-block-4ddcc4fa\">\n<div class=\"wp-block-group is-layout-constrained wp-block-group-is-layout-constrained\">\n<figure class=\"wp-block-embed is-type-video is-provider-youtube wp-block-embed-youtube wp-embed-aspect-16-9 wp-has-aspect-ratio\"><div class=\"wp-block-embed__wrapper\">\n<div class=\"ast-oembed-container\" style=\"height: 100%;\"><iframe loading=\"lazy\" title=\"Gray&#039;s Inn, The First - John Coperario (c. 1570-1626)\" width=\"500\" height=\"281\" src=\"https:\/\/www.youtube.com\/embed\/GCibtshgwO8?feature=oembed\" frameborder=\"0\" allow=\"accelerometer; autoplay; clipboard-write; encrypted-media; gyroscope; picture-in-picture; web-share\" referrerpolicy=\"strict-origin-when-cross-origin\" allowfullscreen><\/iframe><\/div>\n<\/div><figcaption class=\"wp-element-caption\">Gray&#8217;s Inn, The First &#8211; John Coperario (c. 1570-1626) &#8211; Lobke Sprenkeling, \u00d3scar Gallego, Pedro Jes\u00fas G\u00f3mez<\/figcaption><\/figure>\n<\/div>\n<\/div>\n\n\n\n<figure class=\"wp-block-embed is-type-video is-provider-youtube wp-block-embed-youtube wp-embed-aspect-16-9 wp-has-aspect-ratio\"><div class=\"wp-block-embed__wrapper\">\n<div class=\"ast-oembed-container\" style=\"height: 100%;\"><iframe loading=\"lazy\" title=\"Robin - John Dowland (1563\u20131626)\" width=\"500\" height=\"281\" src=\"https:\/\/www.youtube.com\/embed\/MVBWmavu6jI?feature=oembed\" frameborder=\"0\" allow=\"accelerometer; autoplay; clipboard-write; encrypted-media; gyroscope; picture-in-picture; web-share\" referrerpolicy=\"strict-origin-when-cross-origin\" allowfullscreen><\/iframe><\/div>\n<\/div><figcaption class=\"wp-element-caption\">Robin, John Dowland (1563\u20131626) &#8211; Lobke Sprenkeling, \u00d3scar Gallego, Pedro Jes\u00fas G\u00f3mez<\/figcaption><\/figure>\n\n\n\n<figure class=\"wp-block-embed is-type-video is-provider-youtube wp-block-embed-youtube wp-embed-aspect-16-9 wp-has-aspect-ratio\"><div class=\"wp-block-embed__wrapper\">\n<div class=\"ast-oembed-container\" style=\"height: 100%;\"><iframe loading=\"lazy\" title=\"Courante (Suite 8 in d minor) - Matthew Locke (1621-1677)\" width=\"500\" height=\"281\" src=\"https:\/\/www.youtube.com\/embed\/LCmopb-XJ7g?feature=oembed\" frameborder=\"0\" allow=\"accelerometer; autoplay; clipboard-write; encrypted-media; gyroscope; picture-in-picture; web-share\" referrerpolicy=\"strict-origin-when-cross-origin\" allowfullscreen><\/iframe><\/div>\n<\/div><figcaption class=\"wp-element-caption\">Courante (Suite 8 in d minor), Matthew Locke (1621-1677) &#8211; Lobke Sprenkeling, \u00d3scar Gallego, Pedro Jes\u00fas G\u00f3mez<\/figcaption><\/figure>\n<\/div><\/div>\n\n\n\n<div class=\"wp-block-uagb-container uagb-block-1000af12 alignfull uagb-is-root-container\"><div class=\"uagb-container-inner-blocks-wrap\">\n<div class=\"wp-block-uagb-info-box uagb-block-19081aa3 uagb-infobox__content-wrap  uagb-infobox-icon-above-title uagb-infobox-image-valign-top\"><div class=\"uagb-ifb-content\"><div class=\"uagb-ifb-title-wrap\"><span class=\"uagb-ifb-title-prefix\">03<\/span><h3 class=\"uagb-ifb-title\">Programas<br>Under construction&#8230;<\/h3><\/div><p class=\"uagb-ifb-desc\">P<\/p><\/div><\/div>\n\n\n\n<div class=\"wp-block-uagb-container uagb-block-11a2b993\"><\/div>\n<\/div><\/div>","protected":false},"excerpt":{"rendered":"<p>Gallery Videos<\/p>","protected":false},"author":1,"featured_media":0,"parent":0,"menu_order":0,"comment_status":"closed","ping_status":"closed","template":"","meta":{"om_disable_all_campaigns":false,"_uag_custom_page_level_css":"","_monsterinsights_skip_tracking":false,"_monsterinsights_sitenote_active":false,"_monsterinsights_sitenote_note":"","_monsterinsights_sitenote_category":0,"site-sidebar-layout":"no-sidebar","site-content-layout":"page-builder","ast-site-content-layout":"full-width-container","site-content-style":"unboxed","site-sidebar-style":"unboxed","ast-global-header-display":"","ast-banner-title-visibility":"","ast-main-header-display":"","ast-hfb-above-header-display":"","ast-hfb-below-header-display":"","ast-hfb-mobile-header-display":"","site-post-title":"disabled","ast-breadcrumbs-content":"","ast-featured-img":"disabled","footer-sml-layout":"","theme-transparent-header-meta":"enabled","adv-header-id-meta":"","stick-header-meta":"","header-above-stick-meta":"","header-main-stick-meta":"","header-below-stick-meta":"","astra-migrate-meta-layouts":"set","ast-page-background-enabled":"default","ast-page-background-meta":{"desktop":{"background-color":"","background-image":"","background-repeat":"repeat","background-position":"center center","background-size":"auto","background-attachment":"scroll","background-type":"","background-media":"","overlay-type":"","overlay-color":"","overlay-gradient":""},"tablet":{"background-color":"","background-image":"","background-repeat":"repeat","background-position":"center center","background-size":"auto","background-attachment":"scroll","background-type":"","background-media":"","overlay-type":"","overlay-color":"","overlay-gradient":""},"mobile":{"background-color":"","background-image":"","background-repeat":"repeat","background-position":"center center","background-size":"auto","background-attachment":"scroll","background-type":"","background-media":"","overlay-type":"","overlay-color":"","overlay-gradient":""}},"ast-content-background-meta":{"desktop":{"background-color":"var(--ast-global-color-5)","background-image":"","background-repeat":"repeat","background-position":"center center","background-size":"auto","background-attachment":"scroll","background-type":"","background-media":"","overlay-type":"","overlay-color":"","overlay-gradient":""},"tablet":{"background-color":"var(--ast-global-color-5)","background-image":"","background-repeat":"repeat","background-position":"center center","background-size":"auto","background-attachment":"scroll","background-type":"","background-media":"","overlay-type":"","overlay-color":"","overlay-gradient":""},"mobile":{"background-color":"var(--ast-global-color-5)","background-image":"","background-repeat":"repeat","background-position":"center center","background-size":"auto","background-attachment":"scroll","background-type":"","background-media":"","overlay-type":"","overlay-color":"","overlay-gradient":""}},"footnotes":""},"class_list":["post-654","page","type-page","status-publish","hentry"],"aioseo_notices":[],"uagb_featured_image_src":{"full":false,"thumbnail":false,"medium":false,"medium_large":false,"large":false,"1536x1536":false,"2048x2048":false,"trp-custom-language-flag":false},"uagb_author_info":{"display_name":"Musickes Delight","author_link":"https:\/\/www.musickesdelight.com\/es\/author\/musickesdelight_w6sdzf\/"},"uagb_comment_info":0,"uagb_excerpt":"Gallery Videos","_links":{"self":[{"href":"https:\/\/www.musickesdelight.com\/es\/wp-json\/wp\/v2\/pages\/654","targetHints":{"allow":["GET"]}}],"collection":[{"href":"https:\/\/www.musickesdelight.com\/es\/wp-json\/wp\/v2\/pages"}],"about":[{"href":"https:\/\/www.musickesdelight.com\/es\/wp-json\/wp\/v2\/types\/page"}],"author":[{"embeddable":true,"href":"https:\/\/www.musickesdelight.com\/es\/wp-json\/wp\/v2\/users\/1"}],"replies":[{"embeddable":true,"href":"https:\/\/www.musickesdelight.com\/es\/wp-json\/wp\/v2\/comments?post=654"}],"version-history":[{"count":4,"href":"https:\/\/www.musickesdelight.com\/es\/wp-json\/wp\/v2\/pages\/654\/revisions"}],"predecessor-version":[{"id":1014,"href":"https:\/\/www.musickesdelight.com\/es\/wp-json\/wp\/v2\/pages\/654\/revisions\/1014"}],"wp:attachment":[{"href":"https:\/\/www.musickesdelight.com\/es\/wp-json\/wp\/v2\/media?parent=654"}],"curies":[{"name":"wp","href":"https:\/\/api.w.org\/{rel}","templated":true}]}}