{"id":2,"date":"2023-12-30T11:28:07","date_gmt":"2023-12-30T11:28:07","guid":{"rendered":"https:\/\/www.musickesdelight.com\/?page_id=2"},"modified":"2024-03-26T21:03:58","modified_gmt":"2024-03-26T21:03:58","slug":"programs","status":"publish","type":"page","link":"https:\/\/www.musickesdelight.com\/es\/programs\/","title":{"rendered":"Nuestros Programas"},"content":{"rendered":"<div class=\"wp-block-media-text is-stacked-on-mobile\" style=\"grid-template-columns:30% auto\" id=\"music-for-a-while\"><figure class=\"wp-block-media-text__media\"><img decoding=\"async\" width=\"724\" height=\"1024\" src=\"https:\/\/www.musickesdelight.com\/wp-content\/uploads\/2024\/01\/Program-Music-For-A-While-Musickes-Delight-a-5-ENG-724x1024.jpg\" alt=\"Music For A While\" class=\"wp-image-1055 size-full\" srcset=\"https:\/\/www.musickesdelight.com\/wp-content\/uploads\/2024\/01\/Program-Music-For-A-While-Musickes-Delight-a-5-ENG-724x1024.jpg 724w, https:\/\/www.musickesdelight.com\/wp-content\/uploads\/2024\/01\/Program-Music-For-A-While-Musickes-Delight-a-5-ENG-212x300.jpg 212w, https:\/\/www.musickesdelight.com\/wp-content\/uploads\/2024\/01\/Program-Music-For-A-While-Musickes-Delight-a-5-ENG-768x1087.jpg 768w, https:\/\/www.musickesdelight.com\/wp-content\/uploads\/2024\/01\/Program-Music-For-A-While-Musickes-Delight-a-5-ENG-1086x1536.jpg 1086w, https:\/\/www.musickesdelight.com\/wp-content\/uploads\/2024\/01\/Program-Music-For-A-While-Musickes-Delight-a-5-ENG-8x12.jpg 8w, https:\/\/www.musickesdelight.com\/wp-content\/uploads\/2024\/01\/Program-Music-For-A-While-Musickes-Delight-a-5-ENG.jpg 1357w\" sizes=\"(max-width: 724px) 100vw, 724px\" \/><\/figure><div class=\"wp-block-media-text__content\">\n<p><em>Un programa colorido, alegre, virtuoso y vers\u00e1til en su dulce expresi\u00f3n del repertorio ingl\u00e9s, que demuestra que ya en el siglo XVII los brit\u00e1nicos ten\u00edan un buen sentido del humor.<\/em><\/p>\n\n\n\n<p>Desde encantadoras canciones populares hasta elegantes piezas de danza y cautivantes composiciones de corte, este programa presenta la diversidad musical del per\u00edodo con obras de reconocidos compositores como John Dowland, Henry Purcell y Matthew Locke.<\/p>\n\n\n\n<p>Las bellas melod\u00edas vocales se entrelazan con la virtuosidad instrumental en este 'broken consort' de canto, flautas, gamba y la\u00fad, creando una experiencia musical que deleitar\u00e1 los sentidos y transportar\u00e1 al p\u00fablico a la rica tradici\u00f3n musical de la \u00e9poca.<\/p>\n\n\n\n<p>Instrumentaci\u00f3n: mezzosoprano, flauta de pico, viola da gamba, cuerda pulsada y preferiblemente \u00f3rgano positivo. La combinaci\u00f3n se puede adaptar a la ocasi\u00f3n.<\/p>\n\n\n\n<p><\/p>\n<\/div><\/div>\n\n\n\n<div style=\"height:52px\" aria-hidden=\"true\" class=\"wp-block-spacer\"><\/div>\n\n\n\n<div class=\"wp-block-media-text is-stacked-on-mobile\" style=\"grid-template-columns:30% auto\" id=\"pulchra-es\"><figure class=\"wp-block-media-text__media\"><img decoding=\"async\" width=\"768\" height=\"1024\" src=\"https:\/\/www.musickesdelight.com\/wp-content\/uploads\/2024\/01\/Program-Pulchra-Es-a-2-ENG-768x1024.jpg\" alt=\"Pulchra Es\" class=\"wp-image-1056 size-full\" srcset=\"https:\/\/www.musickesdelight.com\/wp-content\/uploads\/2024\/01\/Program-Pulchra-Es-a-2-ENG-768x1024.jpg 768w, https:\/\/www.musickesdelight.com\/wp-content\/uploads\/2024\/01\/Program-Pulchra-Es-a-2-ENG-225x300.jpg 225w, https:\/\/www.musickesdelight.com\/wp-content\/uploads\/2024\/01\/Program-Pulchra-Es-a-2-ENG-1152x1536.jpg 1152w, https:\/\/www.musickesdelight.com\/wp-content\/uploads\/2024\/01\/Program-Pulchra-Es-a-2-ENG-9x12.jpg 9w, https:\/\/www.musickesdelight.com\/wp-content\/uploads\/2024\/01\/Program-Pulchra-Es-a-2-ENG.jpg 1440w\" sizes=\"(max-width: 768px) 100vw, 768px\" \/><\/figure><div class=\"wp-block-media-text__content\">\n<p><strong><em>Un viaje musical<\/em><\/strong> <em>por un mundo de contrastes,<\/em> <strong><em>luz, color y oscuridad<\/em><\/strong><\/p>\n\n\n\n<p><\/p>\n\n\n\n<p><strong>La <em>Seconda Pratica<\/em> es un estilo barroco temprano donde, a diferencia de la <em>Prima Pratica<\/em>del Renacimiento, se busca m\u00e1s libertad expresiva en forma de una voz solista acompa\u00f1ada por un bajo continuo. Supone el florecer de la m\u00fasica instrumental solista como g\u00e9nero, ya no como apoyo o sustituto de la m\u00fasica vocal sino con su propio lenguaje y formas de expresi\u00f3n.<\/strong><\/p>\n\n\n\n<p>\"Como indican nuestros protagonistas, estamos ante \u201cun contemplativo viaje musical por un mundo de contrastes, luz, color y oscuridad\u201d. Y tambi\u00e9n, ante un \u201cviaje musical \u00edntimo a trav\u00e9s de la m\u00fasica que canta en nuestras mentes, en nuestros corazones, en nuestras almas\u201d. En efecto, lo que escuchamos rezuma intimidad. Y sutileza. Es una aut\u00e9ntica <em>delicatessen<\/em>.&#8221;<\/p>\n\n\n\n<p><strong><em>Eduardo Torrico, Scherzo, Abril 2023<\/em><\/strong><\/p>\n\n\n\n<p><strong>Con un repertorio que incluye una variedad de obras cantadas y luego interpretadas en la flauta, los diferentes timbres y colores que se mezclan con el acompa\u00f1amiento del clave y el \u00f3rgano crean una experiencia musical impresionante. Adem\u00e1s, la combinaci\u00f3n de m\u00fasica cantada, narrada y bailada hace que este concierto sea emocionante y lleno de sorpresas.<\/strong><\/p>\n\n\n\n<p><\/p>\n<\/div><\/div>\n\n\n\n<div style=\"height:61px\" aria-hidden=\"true\" class=\"wp-block-spacer\"><\/div>\n\n\n\n<div class=\"wp-block-media-text is-stacked-on-mobile\" style=\"grid-template-columns:30% auto\" id=\"pulchra-es-amica-mea\"><figure class=\"wp-block-media-text__media\"><img decoding=\"async\" width=\"768\" height=\"1024\" src=\"https:\/\/www.musickesdelight.com\/wp-content\/uploads\/2024\/03\/Program-Pulchra-Es-Amica-Mea-Musickes-Delight-a-3-ENG-768x1024.jpg\" alt=\"Pulchra Es Amica Mea\" class=\"wp-image-1099 size-full\" srcset=\"https:\/\/www.musickesdelight.com\/wp-content\/uploads\/2024\/03\/Program-Pulchra-Es-Amica-Mea-Musickes-Delight-a-3-ENG-768x1024.jpg 768w, https:\/\/www.musickesdelight.com\/wp-content\/uploads\/2024\/03\/Program-Pulchra-Es-Amica-Mea-Musickes-Delight-a-3-ENG-225x300.jpg 225w, https:\/\/www.musickesdelight.com\/wp-content\/uploads\/2024\/03\/Program-Pulchra-Es-Amica-Mea-Musickes-Delight-a-3-ENG-1152x1536.jpg 1152w, https:\/\/www.musickesdelight.com\/wp-content\/uploads\/2024\/03\/Program-Pulchra-Es-Amica-Mea-Musickes-Delight-a-3-ENG-9x12.jpg 9w, https:\/\/www.musickesdelight.com\/wp-content\/uploads\/2024\/03\/Program-Pulchra-Es-Amica-Mea-Musickes-Delight-a-3-ENG.jpg 1440w\" sizes=\"(max-width: 768px) 100vw, 768px\" \/><\/figure><div class=\"wp-block-media-text__content\">\n<p><em>Los cantos celestiales<\/em><\/p>\n\n\n\n<p><strong>En este programa especial, nos sumergimos en las profundidades de las obras eclesi\u00e1sticas que han servido de inspiraci\u00f3n para elaboradas glosas y versiones p\u00f3stumas ornamentadas. La excepcional cantante Victoria Cassano nos guiar\u00e1 a trav\u00e9s de un mundo de cantos divinos, acompa\u00f1ada por la majestuosa sensibilidad y destreza del organista y clavecinista Jorge L\u00f3pez-Escribano y la virtuosa flautista Lobke Sprenkeling, quien nos deleitar\u00e1 con las fascinantes versiones glosadas hist\u00f3ricas de varias de estas obras vocales.<\/strong><\/p>\n\n\n\n<p><strong>Es un repertorio poco frecuente, a pesar de tratarse de los 'hits' de la \u00e9poca, por lo que \u00e9sta ser\u00e1 una oportunidad \u00fanica para descubrir y apreciar aquellos tesoros musicales.<\/strong><\/p>\n<\/div><\/div>\n\n\n\n<div style=\"height:57px\" aria-hidden=\"true\" class=\"wp-block-spacer\"><\/div>\n\n\n\n<div class=\"wp-block-media-text is-stacked-on-mobile\" style=\"grid-template-columns:30% auto\" id=\"a-pilgrimes-solace\"><figure class=\"wp-block-media-text__media\"><img decoding=\"async\" width=\"768\" height=\"1024\" src=\"https:\/\/www.musickesdelight.com\/wp-content\/uploads\/2024\/01\/Program-ENG-A-Pilgrimes-Solace-768x1024.jpg\" alt=\"A Pilgrimes Solace\" class=\"wp-image-1053 size-full\" srcset=\"https:\/\/www.musickesdelight.com\/wp-content\/uploads\/2024\/01\/Program-ENG-A-Pilgrimes-Solace-768x1024.jpg 768w, https:\/\/www.musickesdelight.com\/wp-content\/uploads\/2024\/01\/Program-ENG-A-Pilgrimes-Solace-225x300.jpg 225w, https:\/\/www.musickesdelight.com\/wp-content\/uploads\/2024\/01\/Program-ENG-A-Pilgrimes-Solace-1152x1536.jpg 1152w, https:\/\/www.musickesdelight.com\/wp-content\/uploads\/2024\/01\/Program-ENG-A-Pilgrimes-Solace-9x12.jpg 9w, https:\/\/www.musickesdelight.com\/wp-content\/uploads\/2024\/01\/Program-ENG-A-Pilgrimes-Solace.jpg 1440w\" sizes=\"(max-width: 768px) 100vw, 768px\" \/><\/figure><div class=\"wp-block-media-text__content\">\n<p><em>Un viaje espiritual del rom\u00e1ntico al trascendente amor<\/em><\/p>\n\n\n\n<p>En este programa invitamos al p\u00fablico a participar en \u201cA Pilgrimes Solace\u201d, consuelo de un pelegrino, llamado as\u00ed por el mismo libro de canciones con acompa\u00f1amiento instrumental de Dowland, proponi\u00e9ndonos un viaje desde lo m\u00e1s mundano hasta una idea trascendente del amor y la vida. Hay una b\u00fasqueda interior de la pregunta \"\u00bfQu\u00e9 es el amor?\", especialmente despu\u00e9s del desencanto de lo mundano, que lleva al protagonista hacia dentro de s\u00ed mismo y hacia la conclusi\u00f3n de lo Divino. Hacia el final de esta bell\u00edsima compilaci\u00f3n de peque\u00f1as joyas este verdadero \u201cconsuelo del peregrino\u201d nos lleva de regreso a la tierra: las piezas finales de la colecci\u00f3n son melod\u00edas dram\u00e1ticas, algunas joviales y otras melanc\u00f3licas, posiblemente para usar en celebraciones con m\u00e1scaras o entretenimientos de la corte en lugar de hacer m\u00fasica en casa.<\/p>\n\n\n\n<p>Todos cuentan con dioses y figuras aleg\u00f3ricas, con una historia ambientada en breves versos, entre uno y tres, seguidos de una \"conclusi\u00f3n\" que al final nos propone una reflexi\u00f3n moral. Es esta b\u00fasqueda, este deambular perpetuo del viajero lo que hace que esta colecci\u00f3n sea \u00fanica. <em>Musickes Delight<\/em> lo interpreta con una instrumentaci\u00f3n cambiante, a veces puramente instrumental, a veces vocal, con solos virtuosos de la viola da gamba y maravillosas instrumentaciones del la\u00fad y del \u00f3rgano. Todos estos componentes hacen de su propuesta musical una experiencia profunda, vers\u00e1til y deleitable gracias a su musicalidad y sus cambios de color, y por las historias que narra a trav\u00e9s de sus maravillosas melod\u00edas y armon\u00edas.<\/p>\n<\/div><\/div>\n\n\n\n<div style=\"height:49px\" aria-hidden=\"true\" class=\"wp-block-spacer\"><\/div>\n\n\n\n<div class=\"wp-block-media-text is-stacked-on-mobile\" style=\"grid-template-columns:30% auto\" id=\"le-coeur-amoureux\"><figure class=\"wp-block-media-text__media\"><img decoding=\"async\" width=\"724\" height=\"1024\" src=\"https:\/\/www.musickesdelight.com\/wp-content\/uploads\/2024\/01\/Program-ENG-Le-coeur-amoureux-Lobke-Sprenkeling-724x1024.jpg\" alt=\"Le Coeur Amoureux\" class=\"wp-image-1054 size-full\" srcset=\"https:\/\/www.musickesdelight.com\/wp-content\/uploads\/2024\/01\/Program-ENG-Le-coeur-amoureux-Lobke-Sprenkeling-724x1024.jpg 724w, https:\/\/www.musickesdelight.com\/wp-content\/uploads\/2024\/01\/Program-ENG-Le-coeur-amoureux-Lobke-Sprenkeling-212x300.jpg 212w, https:\/\/www.musickesdelight.com\/wp-content\/uploads\/2024\/01\/Program-ENG-Le-coeur-amoureux-Lobke-Sprenkeling-768x1087.jpg 768w, https:\/\/www.musickesdelight.com\/wp-content\/uploads\/2024\/01\/Program-ENG-Le-coeur-amoureux-Lobke-Sprenkeling-1086x1536.jpg 1086w, https:\/\/www.musickesdelight.com\/wp-content\/uploads\/2024\/01\/Program-ENG-Le-coeur-amoureux-Lobke-Sprenkeling-8x12.jpg 8w, https:\/\/www.musickesdelight.com\/wp-content\/uploads\/2024\/01\/Program-ENG-Le-coeur-amoureux-Lobke-Sprenkeling.jpg 1357w\" sizes=\"(max-width: 724px) 100vw, 724px\" \/><\/figure><div class=\"wp-block-media-text__content\">\n<p><em>La m\u00fasica francesa es como una caricia, una mirada que nos parece haber imaginado, un susurro, un gesto, y sobre todo una danza.<\/em><\/p>\n\n\n\n<p>Al contrario del estilo italiano, extrovertido, virtuoso, apasionado, incluso extravagante, el estilo franc\u00e9s se caracteriza por la moderaci\u00f3n, el refinamiento y la exquisitez.<\/p>\n\n\n\n<p>La espectacularidad y el virtuosismo juegan un papel secundario en Francia, dominados por el buen gusto \u2014le bon go\u00fbt \u2014 la elegancia, y por la sencillez, curiosamente compatible con la exuberancia de la ornamentaci\u00f3n. Su expresividad controlada, sutil y elegante, es opuesta al estilo italiano, que se basa m\u00e1s en grandes gestos expresivos. Los ornamentos franceses son peque\u00f1os adornos como el trino, que ya aparece en los air de cour de la primera mitad del s. XVII, el mordente conocido como battement, la apoggiatura conocida como port de voix, y otros ornamentos. La m\u00fasica francesa tiene gestos finos y ligeros pasos pero en el fondo es introvertida: llora tras puertas cerradas, sufre con una sonrisa, muere con un min\u00fasculo gesto de s\u00faplica. En la intimidad de sus silencios es donde ama, llora, rechaza, se enfada, sufre, goza.<\/p>\n\n\n\n<p><\/p>\n<\/div><\/div>","protected":false},"excerpt":{"rendered":"<p>A colourful, joyful, virtuoso and versatile program in its sweet expression of the English repertoire, showing how the British of the 17th-century version already had their good sense of humour. From charming popular songs to elegant dance pieces and captivating court compositions, this program presents the musical diversity of the period with works by renowned [&hellip;]<\/p>","protected":false},"author":1,"featured_media":0,"parent":0,"menu_order":0,"comment_status":"closed","ping_status":"open","template":"","meta":{"om_disable_all_campaigns":false,"_uag_custom_page_level_css":"","_monsterinsights_skip_tracking":false,"_monsterinsights_sitenote_active":false,"_monsterinsights_sitenote_note":"","_monsterinsights_sitenote_category":0,"site-sidebar-layout":"default","site-content-layout":"","ast-site-content-layout":"default","site-content-style":"default","site-sidebar-style":"default","ast-global-header-display":"","ast-banner-title-visibility":"","ast-main-header-display":"","ast-hfb-above-header-display":"","ast-hfb-below-header-display":"","ast-hfb-mobile-header-display":"","site-post-title":"","ast-breadcrumbs-content":"","ast-featured-img":"","footer-sml-layout":"","theme-transparent-header-meta":"","adv-header-id-meta":"","stick-header-meta":"","header-above-stick-meta":"","header-main-stick-meta":"","header-below-stick-meta":"","astra-migrate-meta-layouts":"set","ast-page-background-enabled":"default","ast-page-background-meta":{"desktop":{"background-color":"","background-image":"","background-repeat":"repeat","background-position":"center center","background-size":"auto","background-attachment":"scroll","background-type":"","background-media":"","overlay-type":"","overlay-color":"","overlay-gradient":""},"tablet":{"background-color":"","background-image":"","background-repeat":"repeat","background-position":"center center","background-size":"auto","background-attachment":"scroll","background-type":"","background-media":"","overlay-type":"","overlay-color":"","overlay-gradient":""},"mobile":{"background-color":"","background-image":"","background-repeat":"repeat","background-position":"center center","background-size":"auto","background-attachment":"scroll","background-type":"","background-media":"","overlay-type":"","overlay-color":"","overlay-gradient":""}},"ast-content-background-meta":{"desktop":{"background-color":"var(--ast-global-color-5)","background-image":"","background-repeat":"repeat","background-position":"center center","background-size":"auto","background-attachment":"scroll","background-type":"","background-media":"","overlay-type":"","overlay-color":"","overlay-gradient":""},"tablet":{"background-color":"var(--ast-global-color-5)","background-image":"","background-repeat":"repeat","background-position":"center center","background-size":"auto","background-attachment":"scroll","background-type":"","background-media":"","overlay-type":"","overlay-color":"","overlay-gradient":""},"mobile":{"background-color":"var(--ast-global-color-5)","background-image":"","background-repeat":"repeat","background-position":"center center","background-size":"auto","background-attachment":"scroll","background-type":"","background-media":"","overlay-type":"","overlay-color":"","overlay-gradient":""}},"footnotes":""},"class_list":["post-2","page","type-page","status-publish","hentry"],"aioseo_notices":[],"uagb_featured_image_src":{"full":false,"thumbnail":false,"medium":false,"medium_large":false,"large":false,"1536x1536":false,"2048x2048":false,"trp-custom-language-flag":false},"uagb_author_info":{"display_name":"Musickes Delight","author_link":"https:\/\/www.musickesdelight.com\/es\/author\/musickesdelight_w6sdzf\/"},"uagb_comment_info":0,"uagb_excerpt":"A colourful, joyful, virtuoso and versatile program in its sweet expression of the English repertoire, showing how the British of the 17th-century version already had their good sense of humour. From charming popular songs to elegant dance pieces and captivating court compositions, this program presents the musical diversity of the period with works by renowned&hellip;","_links":{"self":[{"href":"https:\/\/www.musickesdelight.com\/es\/wp-json\/wp\/v2\/pages\/2","targetHints":{"allow":["GET"]}}],"collection":[{"href":"https:\/\/www.musickesdelight.com\/es\/wp-json\/wp\/v2\/pages"}],"about":[{"href":"https:\/\/www.musickesdelight.com\/es\/wp-json\/wp\/v2\/types\/page"}],"author":[{"embeddable":true,"href":"https:\/\/www.musickesdelight.com\/es\/wp-json\/wp\/v2\/users\/1"}],"replies":[{"embeddable":true,"href":"https:\/\/www.musickesdelight.com\/es\/wp-json\/wp\/v2\/comments?post=2"}],"version-history":[{"count":10,"href":"https:\/\/www.musickesdelight.com\/es\/wp-json\/wp\/v2\/pages\/2\/revisions"}],"predecessor-version":[{"id":1104,"href":"https:\/\/www.musickesdelight.com\/es\/wp-json\/wp\/v2\/pages\/2\/revisions\/1104"}],"wp:attachment":[{"href":"https:\/\/www.musickesdelight.com\/es\/wp-json\/wp\/v2\/media?parent=2"}],"curies":[{"name":"wp","href":"https:\/\/api.w.org\/{rel}","templated":true}]}}